{"id":66758,"date":"2024-09-06T13:04:13","date_gmt":"2024-09-06T11:04:13","guid":{"rendered":"https:\/\/wt.woolpower.se\/about-us\/"},"modified":"2024-09-06T14:00:23","modified_gmt":"2024-09-06T12:00:23","slug":"about-us","status":"publish","type":"page","link":"https:\/\/wt.woolpower.se\/en\/about-us\/","title":{"rendered":"About Us"},"content":{"rendered":"\n<div class=\"wp-block-columns is-layout-flex wp-container-core-columns-is-layout-1 wp-block-columns-is-layout-flex\">\n<div class=\"wp-block-column is-layout-flow wp-block-column-is-layout-flow\">\n<p>We have been manufacturing axes in Storvik since the late 1800s.<\/p>\n\n\n\n<p>In 2007, Wetterlings was taken over by Gabriel Br\u00e5nby, former owner of Gr\u00e4nsfors Bruks AB. Today, the company is owned by brothers Adam and Daniel Br\u00e5nby, with Johan St\u00e5hlberg as the site manager. Currently, 14 people work at Wetterlings, which continues to produce high-quality axes through traditional craftsmanship. The factory&#8217;s philosophy is to preserve and pass on the knowledge and skills developed by previous generations.<\/p>\n\n\n\n<p>Wetterlings axes are valued for their craftsmanship and durability, and the factory remains an important part of Sweden&#8217;s industrial history.<\/p>\n\n\n\n<hr class=\"wp-block-separator has-alpha-channel-opacity\"\/>\n\n\n\n<p><strong>Opening hours<\/strong><\/p>\n\n\n\n<p>Monday\u2013 Friday<br\/><strong>10:00 \u2013 12:00, 13:00 \u2013 15:00<\/strong><\/p>\n\n\n\n<p>Saturday &amp; Sunday<br\/><strong>St\u00e4ngt<\/strong><\/p>\n\n\n\n<hr class=\"wp-block-separator has-alpha-channel-opacity\"\/>\n\n\n\n<p><strong>Contact<\/strong>&#13;\n&#13;\n<strong>S.A. Wetterlings Manufaktur AB:<\/strong>&#13;\nVallbyv\u00e4gen 58&#13;\n812 30 Storvik&#13;\nSverige&#13;\nOrg nr: 556014-8909&#13;\nTel: +46 (0)290-100 22&#13;\n<a href=\"mailto:info@wetterlings.com\">info@wetterlings.com<\/a><\/p>\n<\/div>\n\n\n\n<div class=\"wp-block-column is-layout-flow wp-block-column-is-layout-flow\">\n<figure class=\"wp-block-image size-large\"><img loading=\"lazy\" decoding=\"async\" width=\"1024\" height=\"683\" src=\"https:\/\/dev.woolpower.se\/wetterlings\/wp-content\/uploads\/WetterlingsHog73-stor-1332316-1-1-1024x683.jpg\" alt=\"\" class=\"wp-image-66589\" style=\"aspect-ratio:1;object-fit:cover\" srcset=\"https:\/\/wt.woolpower.se\/wp-content\/uploads\/WetterlingsHog73-stor-1332316-1-1-1024x683.jpg 1024w, https:\/\/wt.woolpower.se\/wp-content\/uploads\/WetterlingsHog73-stor-1332316-1-1-240x160.jpg 240w, https:\/\/wt.woolpower.se\/wp-content\/uploads\/WetterlingsHog73-stor-1332316-1-1-scaled-150x100.jpg 150w, https:\/\/wt.woolpower.se\/wp-content\/uploads\/WetterlingsHog73-stor-1332316-1-1-scaled-600x400.jpg 600w, https:\/\/wt.woolpower.se\/wp-content\/uploads\/WetterlingsHog73-stor-1332316-1-1-scaled-64x43.jpg 64w, https:\/\/wt.woolpower.se\/wp-content\/uploads\/WetterlingsHog73-stor-1332316-1-1-768x512.jpg 768w, https:\/\/wt.woolpower.se\/wp-content\/uploads\/WetterlingsHog73-stor-1332316-1-1-1536x1024.jpg 1536w, https:\/\/wt.woolpower.se\/wp-content\/uploads\/WetterlingsHog73-stor-1332316-1-1-2048x1365.jpg 2048w, https:\/\/wt.woolpower.se\/wp-content\/uploads\/WetterlingsHog73-stor-1332316-1-1-90x60.jpg 90w, https:\/\/wt.woolpower.se\/wp-content\/uploads\/WetterlingsHog73-stor-1332316-1-1-135x90.jpg 135w\" sizes=\"auto, (max-width: 1024px) 100vw, 1024px\" \/><\/figure>\n<\/div>\n<\/div>\n","protected":false},"excerpt":{"rendered":"<p>We have been manufacturing axes in Storvik since the late 1800s. In 2007, Wetterlings was taken over by Gabriel Br\u00e5nby, former owner of Gr\u00e4nsfors Bruks AB. Today, the company is owned by brothers Adam and Daniel Br\u00e5nby, with Johan St\u00e5hlberg as the site manager. Currently, 14 people work at Wetterlings, which continues to produce high-quality [&#8230;]<\/p>\n<p><a class=\"btn btn-secondary understrap-read-more-link\" href=\"https:\/\/wt.woolpower.se\/en\/about-us\/\">Read More&#8230;<\/a><\/p>\n","protected":false},"author":35,"featured_media":0,"parent":0,"menu_order":0,"comment_status":"closed","ping_status":"closed","template":"","meta":{"_acf_changed":false,"footnotes":""},"class_list":["post-66758","page","type-page","status-publish","hentry"],"acf":[],"yoast_head":"<!-- This site is optimized with the Yoast SEO plugin v24.6 - https:\/\/yoast.com\/wordpress\/plugins\/seo\/ -->\n<title>About Us - Wetterlings<\/title>\n<meta name=\"robots\" content=\"noindex, follow, max-snippet:-1, max-image-preview:large, max-video-preview:-1\" \/>\n<meta property=\"og:locale\" content=\"en_US\" \/>\n<meta property=\"og:type\" content=\"article\" \/>\n<meta property=\"og:title\" content=\"About Us - Wetterlings\" \/>\n<meta property=\"og:description\" content=\"We have been manufacturing axes in Storvik since the late 1800s. In 2007, Wetterlings was taken over by Gabriel Br\u00e5nby, former owner of Gr\u00e4nsfors Bruks AB. Today, the company is owned by brothers Adam and Daniel Br\u00e5nby, with Johan St\u00e5hlberg as the site manager. Currently, 14 people work at Wetterlings, which continues to produce high-quality [...]Read More...\" \/>\n<meta property=\"og:url\" content=\"https:\/\/wt.woolpower.se\/en\/about-us\/\" \/>\n<meta property=\"og:site_name\" content=\"Wetterlings\" \/>\n<meta property=\"article:modified_time\" content=\"2024-09-06T12:00:23+00:00\" \/>\n<meta property=\"og:image\" content=\"https:\/\/dev.woolpower.se\/wetterlings\/wp-content\/uploads\/WetterlingsHog73-stor-1332316-1-1-1024x683.jpg\" \/>\n<meta name=\"twitter:card\" content=\"summary_large_image\" \/>\n<meta name=\"twitter:label1\" content=\"Est. reading time\" \/>\n\t<meta name=\"twitter:data1\" content=\"1 minute\" \/>\n<script type=\"application\/ld+json\" class=\"yoast-schema-graph\">{\"@context\":\"https:\/\/schema.org\",\"@graph\":[{\"@type\":\"WebPage\",\"@id\":\"https:\/\/wt.woolpower.se\/en\/about-us\/\",\"url\":\"https:\/\/wt.woolpower.se\/en\/about-us\/\",\"name\":\"About Us - Wetterlings\",\"isPartOf\":{\"@id\":\"https:\/\/wt.woolpower.se\/en\/#website\"},\"primaryImageOfPage\":{\"@id\":\"https:\/\/wt.woolpower.se\/en\/about-us\/#primaryimage\"},\"image\":{\"@id\":\"https:\/\/wt.woolpower.se\/en\/about-us\/#primaryimage\"},\"thumbnailUrl\":\"https:\/\/dev.woolpower.se\/wetterlings\/wp-content\/uploads\/WetterlingsHog73-stor-1332316-1-1-1024x683.jpg\",\"datePublished\":\"2024-09-06T11:04:13+00:00\",\"dateModified\":\"2024-09-06T12:00:23+00:00\",\"breadcrumb\":{\"@id\":\"https:\/\/wt.woolpower.se\/en\/about-us\/#breadcrumb\"},\"inLanguage\":\"en-US\",\"potentialAction\":[{\"@type\":\"ReadAction\",\"target\":[\"https:\/\/wt.woolpower.se\/en\/about-us\/\"]}]},{\"@type\":\"ImageObject\",\"inLanguage\":\"en-US\",\"@id\":\"https:\/\/wt.woolpower.se\/en\/about-us\/#primaryimage\",\"url\":\"https:\/\/dev.woolpower.se\/wetterlings\/wp-content\/uploads\/WetterlingsHog73-stor-1332316-1-1-1024x683.jpg\",\"contentUrl\":\"https:\/\/dev.woolpower.se\/wetterlings\/wp-content\/uploads\/WetterlingsHog73-stor-1332316-1-1-1024x683.jpg\"},{\"@type\":\"BreadcrumbList\",\"@id\":\"https:\/\/wt.woolpower.se\/en\/about-us\/#breadcrumb\",\"itemListElement\":[{\"@type\":\"ListItem\",\"position\":1,\"name\":\"Hem\",\"item\":\"https:\/\/wt.woolpower.se\/en\/\"},{\"@type\":\"ListItem\",\"position\":2,\"name\":\"About Us\"}]},{\"@type\":\"WebSite\",\"@id\":\"https:\/\/wt.woolpower.se\/en\/#website\",\"url\":\"https:\/\/wt.woolpower.se\/en\/\",\"name\":\"Wetterlings\",\"description\":\"Axe Manufacture\",\"publisher\":{\"@id\":\"https:\/\/wt.woolpower.se\/en\/#organization\"},\"potentialAction\":[{\"@type\":\"SearchAction\",\"target\":{\"@type\":\"EntryPoint\",\"urlTemplate\":\"https:\/\/wt.woolpower.se\/en\/?s={search_term_string}\"},\"query-input\":{\"@type\":\"PropertyValueSpecification\",\"valueRequired\":true,\"valueName\":\"search_term_string\"}}],\"inLanguage\":\"en-US\"},{\"@type\":\"Organization\",\"@id\":\"https:\/\/wt.woolpower.se\/en\/#organization\",\"name\":\"Woolpower\",\"url\":\"https:\/\/wt.woolpower.se\/en\/\",\"logo\":{\"@type\":\"ImageObject\",\"inLanguage\":\"en-US\",\"@id\":\"https:\/\/wt.woolpower.se\/en\/#\/schema\/logo\/image\/\",\"url\":\"https:\/\/dev.woolpower.se\/wetterlings\/wp-content\/uploads\/Woolpower_logo-2705x546--e1636015780215.png\",\"contentUrl\":\"https:\/\/dev.woolpower.se\/wetterlings\/wp-content\/uploads\/Woolpower_logo-2705x546--e1636015780215.png\",\"width\":300,\"height\":61,\"caption\":\"Woolpower\"},\"image\":{\"@id\":\"https:\/\/wt.woolpower.se\/en\/#\/schema\/logo\/image\/\"}}]}<\/script>\n<!-- \/ Yoast SEO plugin. -->","yoast_head_json":{"title":"About Us - Wetterlings","robots":{"index":"noindex","follow":"follow","max-snippet":"max-snippet:-1","max-image-preview":"max-image-preview:large","max-video-preview":"max-video-preview:-1"},"og_locale":"en_US","og_type":"article","og_title":"About Us - Wetterlings","og_description":"We have been manufacturing axes in Storvik since the late 1800s. In 2007, Wetterlings was taken over by Gabriel Br\u00e5nby, former owner of Gr\u00e4nsfors Bruks AB. Today, the company is owned by brothers Adam and Daniel Br\u00e5nby, with Johan St\u00e5hlberg as the site manager. Currently, 14 people work at Wetterlings, which continues to produce high-quality [...]Read More...","og_url":"https:\/\/wt.woolpower.se\/en\/about-us\/","og_site_name":"Wetterlings","article_modified_time":"2024-09-06T12:00:23+00:00","og_image":[{"url":"https:\/\/dev.woolpower.se\/wetterlings\/wp-content\/uploads\/WetterlingsHog73-stor-1332316-1-1-1024x683.jpg","type":"","width":"","height":""}],"twitter_card":"summary_large_image","twitter_misc":{"Est. reading time":"1 minute"},"schema":{"@context":"https:\/\/schema.org","@graph":[{"@type":"WebPage","@id":"https:\/\/wt.woolpower.se\/en\/about-us\/","url":"https:\/\/wt.woolpower.se\/en\/about-us\/","name":"About Us - Wetterlings","isPartOf":{"@id":"https:\/\/wt.woolpower.se\/en\/#website"},"primaryImageOfPage":{"@id":"https:\/\/wt.woolpower.se\/en\/about-us\/#primaryimage"},"image":{"@id":"https:\/\/wt.woolpower.se\/en\/about-us\/#primaryimage"},"thumbnailUrl":"https:\/\/dev.woolpower.se\/wetterlings\/wp-content\/uploads\/WetterlingsHog73-stor-1332316-1-1-1024x683.jpg","datePublished":"2024-09-06T11:04:13+00:00","dateModified":"2024-09-06T12:00:23+00:00","breadcrumb":{"@id":"https:\/\/wt.woolpower.se\/en\/about-us\/#breadcrumb"},"inLanguage":"en-US","potentialAction":[{"@type":"ReadAction","target":["https:\/\/wt.woolpower.se\/en\/about-us\/"]}]},{"@type":"ImageObject","inLanguage":"en-US","@id":"https:\/\/wt.woolpower.se\/en\/about-us\/#primaryimage","url":"https:\/\/dev.woolpower.se\/wetterlings\/wp-content\/uploads\/WetterlingsHog73-stor-1332316-1-1-1024x683.jpg","contentUrl":"https:\/\/dev.woolpower.se\/wetterlings\/wp-content\/uploads\/WetterlingsHog73-stor-1332316-1-1-1024x683.jpg"},{"@type":"BreadcrumbList","@id":"https:\/\/wt.woolpower.se\/en\/about-us\/#breadcrumb","itemListElement":[{"@type":"ListItem","position":1,"name":"Hem","item":"https:\/\/wt.woolpower.se\/en\/"},{"@type":"ListItem","position":2,"name":"About Us"}]},{"@type":"WebSite","@id":"https:\/\/wt.woolpower.se\/en\/#website","url":"https:\/\/wt.woolpower.se\/en\/","name":"Wetterlings","description":"Axe Manufacture","publisher":{"@id":"https:\/\/wt.woolpower.se\/en\/#organization"},"potentialAction":[{"@type":"SearchAction","target":{"@type":"EntryPoint","urlTemplate":"https:\/\/wt.woolpower.se\/en\/?s={search_term_string}"},"query-input":{"@type":"PropertyValueSpecification","valueRequired":true,"valueName":"search_term_string"}}],"inLanguage":"en-US"},{"@type":"Organization","@id":"https:\/\/wt.woolpower.se\/en\/#organization","name":"Woolpower","url":"https:\/\/wt.woolpower.se\/en\/","logo":{"@type":"ImageObject","inLanguage":"en-US","@id":"https:\/\/wt.woolpower.se\/en\/#\/schema\/logo\/image\/","url":"https:\/\/dev.woolpower.se\/wetterlings\/wp-content\/uploads\/Woolpower_logo-2705x546--e1636015780215.png","contentUrl":"https:\/\/dev.woolpower.se\/wetterlings\/wp-content\/uploads\/Woolpower_logo-2705x546--e1636015780215.png","width":300,"height":61,"caption":"Woolpower"},"image":{"@id":"https:\/\/wt.woolpower.se\/en\/#\/schema\/logo\/image\/"}}]}},"_links":{"self":[{"href":"https:\/\/wt.woolpower.se\/en\/wp-json\/wp\/v2\/pages\/66758","targetHints":{"allow":["GET"]}}],"collection":[{"href":"https:\/\/wt.woolpower.se\/en\/wp-json\/wp\/v2\/pages"}],"about":[{"href":"https:\/\/wt.woolpower.se\/en\/wp-json\/wp\/v2\/types\/page"}],"author":[{"embeddable":true,"href":"https:\/\/wt.woolpower.se\/en\/wp-json\/wp\/v2\/users\/35"}],"replies":[{"embeddable":true,"href":"https:\/\/wt.woolpower.se\/en\/wp-json\/wp\/v2\/comments?post=66758"}],"version-history":[{"count":2,"href":"https:\/\/wt.woolpower.se\/en\/wp-json\/wp\/v2\/pages\/66758\/revisions"}],"predecessor-version":[{"id":66777,"href":"https:\/\/wt.woolpower.se\/en\/wp-json\/wp\/v2\/pages\/66758\/revisions\/66777"}],"wp:attachment":[{"href":"https:\/\/wt.woolpower.se\/en\/wp-json\/wp\/v2\/media?parent=66758"}],"curies":[{"name":"wp","href":"https:\/\/api.w.org\/{rel}","templated":true}]}}