{"id":66666,"date":"2024-08-23T15:03:40","date_gmt":"2024-08-23T13:03:40","guid":{"rendered":"https:\/\/dev.woolpower.se\/wetterlings\/our-history\/"},"modified":"2024-08-23T15:03:45","modified_gmt":"2024-08-23T13:03:45","slug":"our-history","status":"publish","type":"page","link":"https:\/\/wt.woolpower.se\/en\/our-history\/","title":{"rendered":"Our history"},"content":{"rendered":"\n<div class=\"wp-block-columns is-layout-flex wp-container-core-columns-is-layout-1 wp-block-columns-is-layout-flex\">\n<div class=\"wp-block-column is-layout-flow wp-block-column-is-layout-flow\">\n<p><strong>Wetterlings Axe Factory was founded in 1880 and is one of the three remaining axe forges in Sweden. The factory was relocated to Storvik in 1885 and has since been an important part of Swedish industrial history. Today, 14 people work here, and the company is known for its traditional craftsmanship and high-quality axes.<\/strong><\/p>\n\n\n\n<h2 class=\"wp-block-heading has-text-color has-link-color wp-elements-a04c41a529a3dd5ddac8b71f615283c5\" style=\"color:#e3642f\">The oldest axe factory in Sweden.<\/h2>\n\n\n\n<p>Wetterlings Axe Factory was founded in 1880 by Sven Axel Wetterling in B\u00e4ckefors, Dalsland. In 1882, his brother Otto Wetterling joined him after studying industrial axe production in America. The business was relocated to Storvik in 1885, due to its advantageous location for transportation and proximity to raw materials.&#13;\n&#13;\nThe company purchased Walls Hammare in Storvik, a forge with roots dating back to 1870. Wetterlings quickly modernized and expanded, replacing the old water wheels with modern turbines as early as 1889. Despite the modernization, axe production remained artisanal, with 20\u201330 axes forged per day.&#13;\n&#13;\nOtto Wetterling passed away in 1915, and in 1917, the company was sold to wholesaler Magnus Lilieblad. He further modernized the operation with new machinery, including an Arboga forging press that was used until 2014. Lilieblad brought in his nephew, Gustav Johansson, later Jungefors, who became site manager in 1927 and owner in 1950.&#13;\n&#13;\nDuring the 1950s, axe production flourished, and the company expanded. They purchased S\u00f6derhamns Skaftfabrik and relocated it to Storvik.<\/p>\n\n\n\n<p>Shaft production remains an important part of the business. Gustav&#8217;s son, Ingvar Jungefors, started working at the company in 1968 and took over ownership together with his brother \u00c5ke.&#13;\n&#13;\nDespite tough competition and declining demand for axes during the 1970s, Wetterlings managed to survive by diversifying its production. Lars Jungefors, Ingvar&#8217;s son, started working at Wetterlings in 1999, with a focus on shaft production.<\/p>\n\n\n\n<h2 class=\"wp-block-heading has-text-color has-link-color wp-elements-2c5185835e3217f9fd47d0255dd0a428\" style=\"color:#e3642f\">Wetterlings today<\/h2>\n\n\n\n<p>In 2007, Wetterlings was taken over by Gabriel Br\u00e5nby, the former owner of Gr\u00e4nsfors Bruks AB. Today, the company is owned by brothers Adam and Daniel Br\u00e5nby, with Johan St\u00e5hlberg as the site manager. Fourteen people currently work at Wetterlings, which still produces high-quality axes using traditional craftsmanship. The factory&#8217;s philosophy is to preserve and pass on the knowledge and skills developed by previous generations.&#13;\n&#13;\nWetterlings axes are valued for their craftsmanship and durability, and the factory continues to be an important part of Swedish industrial history.<\/p>\n<\/div>\n\n\n\n<div class=\"wp-block-column is-layout-flow wp-block-column-is-layout-flow\">\n<figure class=\"wp-block-image size-large\"><img loading=\"lazy\" decoding=\"async\" width=\"1024\" height=\"683\" src=\"https:\/\/dev.woolpower.se\/wetterlings\/wp-content\/uploads\/WetterlingsHog22-stor-1332314-1-1024x683.jpg\" alt=\"\" class=\"wp-image-66652\" srcset=\"https:\/\/wt.woolpower.se\/wp-content\/uploads\/WetterlingsHog22-stor-1332314-1-1024x683.jpg 1024w, https:\/\/wt.woolpower.se\/wp-content\/uploads\/WetterlingsHog22-stor-1332314-1-240x160.jpg 240w, https:\/\/wt.woolpower.se\/wp-content\/uploads\/WetterlingsHog22-stor-1332314-1-scaled-150x100.jpg 150w, https:\/\/wt.woolpower.se\/wp-content\/uploads\/WetterlingsHog22-stor-1332314-1-scaled-600x400.jpg 600w, https:\/\/wt.woolpower.se\/wp-content\/uploads\/WetterlingsHog22-stor-1332314-1-scaled-64x43.jpg 64w, https:\/\/wt.woolpower.se\/wp-content\/uploads\/WetterlingsHog22-stor-1332314-1-768x512.jpg 768w, https:\/\/wt.woolpower.se\/wp-content\/uploads\/WetterlingsHog22-stor-1332314-1-1536x1024.jpg 1536w, https:\/\/wt.woolpower.se\/wp-content\/uploads\/WetterlingsHog22-stor-1332314-1-2048x1365.jpg 2048w, https:\/\/wt.woolpower.se\/wp-content\/uploads\/WetterlingsHog22-stor-1332314-1-90x60.jpg 90w, https:\/\/wt.woolpower.se\/wp-content\/uploads\/WetterlingsHog22-stor-1332314-1-135x90.jpg 135w\" sizes=\"auto, (max-width: 1024px) 100vw, 1024px\" \/><\/figure>\n\n\n\n<figure class=\"wp-block-image size-large\"><img loading=\"lazy\" decoding=\"async\" width=\"1024\" height=\"683\" src=\"https:\/\/dev.woolpower.se\/wetterlings\/wp-content\/uploads\/WetterlingsHog26-stor-1332572-1-1024x683.jpg\" alt=\"\" class=\"wp-image-66654\" srcset=\"https:\/\/wt.woolpower.se\/wp-content\/uploads\/WetterlingsHog26-stor-1332572-1-1024x683.jpg 1024w, https:\/\/wt.woolpower.se\/wp-content\/uploads\/WetterlingsHog26-stor-1332572-1-240x160.jpg 240w, https:\/\/wt.woolpower.se\/wp-content\/uploads\/WetterlingsHog26-stor-1332572-1-scaled-150x100.jpg 150w, https:\/\/wt.woolpower.se\/wp-content\/uploads\/WetterlingsHog26-stor-1332572-1-scaled-600x400.jpg 600w, https:\/\/wt.woolpower.se\/wp-content\/uploads\/WetterlingsHog26-stor-1332572-1-scaled-64x43.jpg 64w, https:\/\/wt.woolpower.se\/wp-content\/uploads\/WetterlingsHog26-stor-1332572-1-768x512.jpg 768w, https:\/\/wt.woolpower.se\/wp-content\/uploads\/WetterlingsHog26-stor-1332572-1-1536x1024.jpg 1536w, https:\/\/wt.woolpower.se\/wp-content\/uploads\/WetterlingsHog26-stor-1332572-1-2048x1365.jpg 2048w, https:\/\/wt.woolpower.se\/wp-content\/uploads\/WetterlingsHog26-stor-1332572-1-90x60.jpg 90w, https:\/\/wt.woolpower.se\/wp-content\/uploads\/WetterlingsHog26-stor-1332572-1-135x90.jpg 135w\" sizes=\"auto, (max-width: 1024px) 100vw, 1024px\" \/><\/figure>\n<\/div>\n<\/div>\n\n<div style=\"height:45px\" aria-hidden=\"true\" class=\"wp-block-spacer\"><\/div>\n","protected":false},"excerpt":{"rendered":"<p>Wetterlings Axe Factory was founded in 1880 and is one of the three remaining axe forges in Sweden. The factory was relocated to Storvik in 1885 and has since been an important part of Swedish industrial history. Today, 14 people work here, and the company is known for its traditional craftsmanship and high-quality axes. The [&#8230;]<\/p>\n<p><a class=\"btn btn-secondary understrap-read-more-link\" href=\"https:\/\/wt.woolpower.se\/en\/our-history\/\">Read More&#8230;<\/a><\/p>\n","protected":false},"author":35,"featured_media":0,"parent":0,"menu_order":0,"comment_status":"closed","ping_status":"closed","template":"","meta":{"_acf_changed":false,"footnotes":""},"class_list":["post-66666","page","type-page","status-publish","hentry"],"acf":[],"yoast_head":"<!-- This site is optimized with the Yoast SEO plugin v24.6 - https:\/\/yoast.com\/wordpress\/plugins\/seo\/ -->\n<title>Our history - Wetterlings<\/title>\n<meta name=\"robots\" content=\"noindex, follow, max-snippet:-1, max-image-preview:large, max-video-preview:-1\" \/>\n<meta property=\"og:locale\" content=\"en_US\" \/>\n<meta property=\"og:type\" content=\"article\" \/>\n<meta property=\"og:title\" content=\"Our history - Wetterlings\" \/>\n<meta property=\"og:description\" content=\"Wetterlings Axe Factory was founded in 1880 and is one of the three remaining axe forges in Sweden. The factory was relocated to Storvik in 1885 and has since been an important part of Swedish industrial history. Today, 14 people work here, and the company is known for its traditional craftsmanship and high-quality axes. The [...]Read More...\" \/>\n<meta property=\"og:url\" content=\"https:\/\/wt.woolpower.se\/en\/our-history\/\" \/>\n<meta property=\"og:site_name\" content=\"Wetterlings\" \/>\n<meta property=\"article:modified_time\" content=\"2024-08-23T13:03:45+00:00\" \/>\n<meta property=\"og:image\" content=\"https:\/\/dev.woolpower.se\/wetterlings\/wp-content\/uploads\/WetterlingsHog22-stor-1332314-1-1024x683.jpg\" \/>\n<meta name=\"twitter:card\" content=\"summary_large_image\" \/>\n<meta name=\"twitter:label1\" content=\"Est. reading time\" \/>\n\t<meta name=\"twitter:data1\" content=\"2 minutes\" \/>\n<script type=\"application\/ld+json\" class=\"yoast-schema-graph\">{\"@context\":\"https:\/\/schema.org\",\"@graph\":[{\"@type\":\"WebPage\",\"@id\":\"https:\/\/wt.woolpower.se\/en\/our-history\/\",\"url\":\"https:\/\/wt.woolpower.se\/en\/our-history\/\",\"name\":\"Our history - Wetterlings\",\"isPartOf\":{\"@id\":\"https:\/\/wt.woolpower.se\/en\/#website\"},\"primaryImageOfPage\":{\"@id\":\"https:\/\/wt.woolpower.se\/en\/our-history\/#primaryimage\"},\"image\":{\"@id\":\"https:\/\/wt.woolpower.se\/en\/our-history\/#primaryimage\"},\"thumbnailUrl\":\"https:\/\/dev.woolpower.se\/wetterlings\/wp-content\/uploads\/WetterlingsHog22-stor-1332314-1-1024x683.jpg\",\"datePublished\":\"2024-08-23T13:03:40+00:00\",\"dateModified\":\"2024-08-23T13:03:45+00:00\",\"breadcrumb\":{\"@id\":\"https:\/\/wt.woolpower.se\/en\/our-history\/#breadcrumb\"},\"inLanguage\":\"en-US\",\"potentialAction\":[{\"@type\":\"ReadAction\",\"target\":[\"https:\/\/wt.woolpower.se\/en\/our-history\/\"]}]},{\"@type\":\"ImageObject\",\"inLanguage\":\"en-US\",\"@id\":\"https:\/\/wt.woolpower.se\/en\/our-history\/#primaryimage\",\"url\":\"https:\/\/dev.woolpower.se\/wetterlings\/wp-content\/uploads\/WetterlingsHog22-stor-1332314-1-1024x683.jpg\",\"contentUrl\":\"https:\/\/dev.woolpower.se\/wetterlings\/wp-content\/uploads\/WetterlingsHog22-stor-1332314-1-1024x683.jpg\"},{\"@type\":\"BreadcrumbList\",\"@id\":\"https:\/\/wt.woolpower.se\/en\/our-history\/#breadcrumb\",\"itemListElement\":[{\"@type\":\"ListItem\",\"position\":1,\"name\":\"Hem\",\"item\":\"https:\/\/wt.woolpower.se\/en\/\"},{\"@type\":\"ListItem\",\"position\":2,\"name\":\"Our history\"}]},{\"@type\":\"WebSite\",\"@id\":\"https:\/\/wt.woolpower.se\/en\/#website\",\"url\":\"https:\/\/wt.woolpower.se\/en\/\",\"name\":\"Wetterlings\",\"description\":\"Axe Manufacture\",\"publisher\":{\"@id\":\"https:\/\/wt.woolpower.se\/en\/#organization\"},\"potentialAction\":[{\"@type\":\"SearchAction\",\"target\":{\"@type\":\"EntryPoint\",\"urlTemplate\":\"https:\/\/wt.woolpower.se\/en\/?s={search_term_string}\"},\"query-input\":{\"@type\":\"PropertyValueSpecification\",\"valueRequired\":true,\"valueName\":\"search_term_string\"}}],\"inLanguage\":\"en-US\"},{\"@type\":\"Organization\",\"@id\":\"https:\/\/wt.woolpower.se\/en\/#organization\",\"name\":\"Woolpower\",\"url\":\"https:\/\/wt.woolpower.se\/en\/\",\"logo\":{\"@type\":\"ImageObject\",\"inLanguage\":\"en-US\",\"@id\":\"https:\/\/wt.woolpower.se\/en\/#\/schema\/logo\/image\/\",\"url\":\"https:\/\/dev.woolpower.se\/wetterlings\/wp-content\/uploads\/Woolpower_logo-2705x546--e1636015780215.png\",\"contentUrl\":\"https:\/\/dev.woolpower.se\/wetterlings\/wp-content\/uploads\/Woolpower_logo-2705x546--e1636015780215.png\",\"width\":300,\"height\":61,\"caption\":\"Woolpower\"},\"image\":{\"@id\":\"https:\/\/wt.woolpower.se\/en\/#\/schema\/logo\/image\/\"}}]}<\/script>\n<!-- \/ Yoast SEO plugin. -->","yoast_head_json":{"title":"Our history - Wetterlings","robots":{"index":"noindex","follow":"follow","max-snippet":"max-snippet:-1","max-image-preview":"max-image-preview:large","max-video-preview":"max-video-preview:-1"},"og_locale":"en_US","og_type":"article","og_title":"Our history - Wetterlings","og_description":"Wetterlings Axe Factory was founded in 1880 and is one of the three remaining axe forges in Sweden. The factory was relocated to Storvik in 1885 and has since been an important part of Swedish industrial history. Today, 14 people work here, and the company is known for its traditional craftsmanship and high-quality axes. The [...]Read More...","og_url":"https:\/\/wt.woolpower.se\/en\/our-history\/","og_site_name":"Wetterlings","article_modified_time":"2024-08-23T13:03:45+00:00","og_image":[{"url":"https:\/\/dev.woolpower.se\/wetterlings\/wp-content\/uploads\/WetterlingsHog22-stor-1332314-1-1024x683.jpg","type":"","width":"","height":""}],"twitter_card":"summary_large_image","twitter_misc":{"Est. reading time":"2 minutes"},"schema":{"@context":"https:\/\/schema.org","@graph":[{"@type":"WebPage","@id":"https:\/\/wt.woolpower.se\/en\/our-history\/","url":"https:\/\/wt.woolpower.se\/en\/our-history\/","name":"Our history - Wetterlings","isPartOf":{"@id":"https:\/\/wt.woolpower.se\/en\/#website"},"primaryImageOfPage":{"@id":"https:\/\/wt.woolpower.se\/en\/our-history\/#primaryimage"},"image":{"@id":"https:\/\/wt.woolpower.se\/en\/our-history\/#primaryimage"},"thumbnailUrl":"https:\/\/dev.woolpower.se\/wetterlings\/wp-content\/uploads\/WetterlingsHog22-stor-1332314-1-1024x683.jpg","datePublished":"2024-08-23T13:03:40+00:00","dateModified":"2024-08-23T13:03:45+00:00","breadcrumb":{"@id":"https:\/\/wt.woolpower.se\/en\/our-history\/#breadcrumb"},"inLanguage":"en-US","potentialAction":[{"@type":"ReadAction","target":["https:\/\/wt.woolpower.se\/en\/our-history\/"]}]},{"@type":"ImageObject","inLanguage":"en-US","@id":"https:\/\/wt.woolpower.se\/en\/our-history\/#primaryimage","url":"https:\/\/dev.woolpower.se\/wetterlings\/wp-content\/uploads\/WetterlingsHog22-stor-1332314-1-1024x683.jpg","contentUrl":"https:\/\/dev.woolpower.se\/wetterlings\/wp-content\/uploads\/WetterlingsHog22-stor-1332314-1-1024x683.jpg"},{"@type":"BreadcrumbList","@id":"https:\/\/wt.woolpower.se\/en\/our-history\/#breadcrumb","itemListElement":[{"@type":"ListItem","position":1,"name":"Hem","item":"https:\/\/wt.woolpower.se\/en\/"},{"@type":"ListItem","position":2,"name":"Our history"}]},{"@type":"WebSite","@id":"https:\/\/wt.woolpower.se\/en\/#website","url":"https:\/\/wt.woolpower.se\/en\/","name":"Wetterlings","description":"Axe Manufacture","publisher":{"@id":"https:\/\/wt.woolpower.se\/en\/#organization"},"potentialAction":[{"@type":"SearchAction","target":{"@type":"EntryPoint","urlTemplate":"https:\/\/wt.woolpower.se\/en\/?s={search_term_string}"},"query-input":{"@type":"PropertyValueSpecification","valueRequired":true,"valueName":"search_term_string"}}],"inLanguage":"en-US"},{"@type":"Organization","@id":"https:\/\/wt.woolpower.se\/en\/#organization","name":"Woolpower","url":"https:\/\/wt.woolpower.se\/en\/","logo":{"@type":"ImageObject","inLanguage":"en-US","@id":"https:\/\/wt.woolpower.se\/en\/#\/schema\/logo\/image\/","url":"https:\/\/dev.woolpower.se\/wetterlings\/wp-content\/uploads\/Woolpower_logo-2705x546--e1636015780215.png","contentUrl":"https:\/\/dev.woolpower.se\/wetterlings\/wp-content\/uploads\/Woolpower_logo-2705x546--e1636015780215.png","width":300,"height":61,"caption":"Woolpower"},"image":{"@id":"https:\/\/wt.woolpower.se\/en\/#\/schema\/logo\/image\/"}}]}},"_links":{"self":[{"href":"https:\/\/wt.woolpower.se\/en\/wp-json\/wp\/v2\/pages\/66666","targetHints":{"allow":["GET"]}}],"collection":[{"href":"https:\/\/wt.woolpower.se\/en\/wp-json\/wp\/v2\/pages"}],"about":[{"href":"https:\/\/wt.woolpower.se\/en\/wp-json\/wp\/v2\/types\/page"}],"author":[{"embeddable":true,"href":"https:\/\/wt.woolpower.se\/en\/wp-json\/wp\/v2\/users\/35"}],"replies":[{"embeddable":true,"href":"https:\/\/wt.woolpower.se\/en\/wp-json\/wp\/v2\/comments?post=66666"}],"version-history":[{"count":1,"href":"https:\/\/wt.woolpower.se\/en\/wp-json\/wp\/v2\/pages\/66666\/revisions"}],"predecessor-version":[{"id":66667,"href":"https:\/\/wt.woolpower.se\/en\/wp-json\/wp\/v2\/pages\/66666\/revisions\/66667"}],"wp:attachment":[{"href":"https:\/\/wt.woolpower.se\/en\/wp-json\/wp\/v2\/media?parent=66666"}],"curies":[{"name":"wp","href":"https:\/\/api.w.org\/{rel}","templated":true}]}}