{"id":27235,"date":"2019-10-23T15:47:46","date_gmt":"2019-10-23T13:47:46","guid":{"rendered":"https:\/\/dev.woolpower.se\/wetterlings.hemsida.eu\/start-2\/"},"modified":"2024-11-18T10:47:17","modified_gmt":"2024-11-18T09:47:17","slug":"startsida","status":"publish","type":"page","link":"https:\/\/wt.woolpower.se\/en\/","title":{"rendered":"Start"},"content":{"rendered":"\n<div class=\"wp-block-columns is-layout-flex wp-container-core-columns-is-layout-1 wp-block-columns-is-layout-flex\">\n<div class=\"wp-block-column is-layout-flow wp-block-column-is-layout-flow\">\n<h2 class=\"wp-block-heading\">About Wetterlings <\/h2>\n\n\n\n<p>Wetterlings is an axe factory located in Storvik, G\u00e4strikland. The business has been operating in the same factory for over a hundred years. We are 14 employees who forge axes, manufacture tools, and fit handles. New, well-trained, and young blacksmiths ensure a generational shift, preserving and passing on inherited knowledge.<\/p>\n\n\n\n<h2 class=\"wp-block-heading\">Responsibly made in Sweden<\/h2>\n\n\n\n<p>All Wetterlings products are made in our factory located in Storvik, G\u00e4strikland. When you buy from us, you know that it is made by people with Swedish market wages, good working conditions and other rights that you who buy take for granted.&#13;\n<\/p>\n\n\n\n<p>Our core values:&#13;\n<ul>&#13;\n \t<li><em>Take care of our employees \u2013 they are the heart of our production.<\/em><\/li>&#13;\n \t<li><em>The products we produce must fulfill a unique function where high quality and the area of use always is in focus.<\/em><\/li>&#13;\n \t<li><em>Manufacture in a way that protects our environment, without unnecessary consumption of nature\u2019s resources.<\/em><\/li>&#13;\n<\/ul><\/p>\n\n\n\n<p>Wetterlings is part of a small family-owned company group and has three sister companies \u2013 Woolpower, Gr\u00e4nsfors Bruk and Svedbro Smide. All companies have their production in Sweden and work on the basis of the same basic values within quality and sustainability.<\/p>\n<\/div>\n\n\n\n<div class=\"wp-block-column is-layout-flow wp-block-column-is-layout-flow\">\n<figure class=\"wp-block-image size-large\"><img loading=\"lazy\" decoding=\"async\" width=\"1024\" height=\"683\" src=\"https:\/\/dev.woolpower.se\/wetterlings\/wp-content\/uploads\/WetterlingsHog77-stor-1332594-1024x683.jpg\" alt=\"\" class=\"wp-image-66490\" srcset=\"https:\/\/wt.woolpower.se\/wp-content\/uploads\/WetterlingsHog77-stor-1332594-1024x683.jpg 1024w, https:\/\/wt.woolpower.se\/wp-content\/uploads\/WetterlingsHog77-stor-1332594-240x160.jpg 240w, https:\/\/wt.woolpower.se\/wp-content\/uploads\/WetterlingsHog77-stor-1332594-scaled-150x100.jpg 150w, https:\/\/wt.woolpower.se\/wp-content\/uploads\/WetterlingsHog77-stor-1332594-scaled-600x400.jpg 600w, https:\/\/wt.woolpower.se\/wp-content\/uploads\/WetterlingsHog77-stor-1332594-scaled-64x43.jpg 64w, https:\/\/wt.woolpower.se\/wp-content\/uploads\/WetterlingsHog77-stor-1332594-768x512.jpg 768w, https:\/\/wt.woolpower.se\/wp-content\/uploads\/WetterlingsHog77-stor-1332594-1536x1024.jpg 1536w, https:\/\/wt.woolpower.se\/wp-content\/uploads\/WetterlingsHog77-stor-1332594-2048x1365.jpg 2048w, https:\/\/wt.woolpower.se\/wp-content\/uploads\/WetterlingsHog77-stor-1332594-90x60.jpg 90w, https:\/\/wt.woolpower.se\/wp-content\/uploads\/WetterlingsHog77-stor-1332594-135x90.jpg 135w\" sizes=\"auto, (max-width: 1024px) 100vw, 1024px\" \/><\/figure>\n<\/div>\n<\/div>\n","protected":false},"excerpt":{"rendered":"<p>About Wetterlings Wetterlings is an axe factory located in Storvik, G\u00e4strikland. The business has been operating in the same factory for over a hundred years. We are 14 employees who forge axes, manufacture tools, and fit handles. New, well-trained, and young blacksmiths ensure a generational shift, preserving and passing on inherited knowledge. Responsibly made in [&#8230;]<\/p>\n<p><a class=\"btn btn-secondary understrap-read-more-link\" href=\"https:\/\/wt.woolpower.se\/en\/\">Read More&#8230;<\/a><\/p>\n","protected":false},"author":1,"featured_media":0,"parent":0,"menu_order":0,"comment_status":"closed","ping_status":"closed","template":"startpage.php","meta":{"_acf_changed":false,"footnotes":""},"class_list":["post-27235","page","type-page","status-publish","hentry"],"acf":[],"yoast_head":"<!-- This site is optimized with the Yoast SEO plugin v24.6 - https:\/\/yoast.com\/wordpress\/plugins\/seo\/ -->\n<title>Svensktillverkande Woolpower g\u00f6r h\u00e5llbara kl\u00e4der i merinoull | Woolpower<\/title>\n<meta name=\"robots\" content=\"noindex, follow, max-snippet:-1, max-image-preview:large, max-video-preview:-1\" \/>\n<meta property=\"og:locale\" content=\"en_US\" \/>\n<meta property=\"og:type\" content=\"article\" \/>\n<meta property=\"og:title\" content=\"Svensktillverkande Woolpower g\u00f6r h\u00e5llbara kl\u00e4der i merinoull | Woolpower\" \/>\n<meta property=\"og:description\" content=\"About Wetterlings Wetterlings is an axe factory located in Storvik, G\u00e4strikland. The business has been operating in the same factory for over a hundred years. We are 14 employees who forge axes, manufacture tools, and fit handles. New, well-trained, and young blacksmiths ensure a generational shift, preserving and passing on inherited knowledge. Responsibly made in [...]Read More...\" \/>\n<meta property=\"og:url\" content=\"https:\/\/wt.woolpower.se\/en\/\" \/>\n<meta property=\"og:site_name\" content=\"Wetterlings\" \/>\n<meta property=\"article:modified_time\" content=\"2024-11-18T09:47:17+00:00\" \/>\n<meta property=\"og:image\" content=\"https:\/\/dev.woolpower.se\/wetterlings\/wp-content\/uploads\/WetterlingsHog77-stor-1332594-1024x683.jpg\" \/>\n<meta name=\"twitter:card\" content=\"summary_large_image\" \/>\n<meta name=\"twitter:label1\" content=\"Est. reading time\" \/>\n\t<meta name=\"twitter:data1\" content=\"2 minutes\" \/>\n<script type=\"application\/ld+json\" class=\"yoast-schema-graph\">{\"@context\":\"https:\/\/schema.org\",\"@graph\":[{\"@type\":\"WebPage\",\"@id\":\"https:\/\/wt.woolpower.se\/en\/\",\"url\":\"https:\/\/wt.woolpower.se\/en\/\",\"name\":\"Svensktillverkande Woolpower g\u00f6r h\u00e5llbara kl\u00e4der i merinoull | Woolpower\",\"isPartOf\":{\"@id\":\"https:\/\/wt.woolpower.se\/en\/#website\"},\"primaryImageOfPage\":{\"@id\":\"https:\/\/wt.woolpower.se\/en\/#primaryimage\"},\"image\":{\"@id\":\"https:\/\/wt.woolpower.se\/en\/#primaryimage\"},\"thumbnailUrl\":\"https:\/\/dev.woolpower.se\/wetterlings\/wp-content\/uploads\/WetterlingsHog77-stor-1332594-1024x683.jpg\",\"datePublished\":\"2019-10-23T13:47:46+00:00\",\"dateModified\":\"2024-11-18T09:47:17+00:00\",\"breadcrumb\":{\"@id\":\"https:\/\/wt.woolpower.se\/en\/#breadcrumb\"},\"inLanguage\":\"en-US\",\"potentialAction\":[{\"@type\":\"ReadAction\",\"target\":[\"https:\/\/wt.woolpower.se\/en\/\"]}]},{\"@type\":\"ImageObject\",\"inLanguage\":\"en-US\",\"@id\":\"https:\/\/wt.woolpower.se\/en\/#primaryimage\",\"url\":\"https:\/\/dev.woolpower.se\/wetterlings\/wp-content\/uploads\/WetterlingsHog77-stor-1332594-1024x683.jpg\",\"contentUrl\":\"https:\/\/dev.woolpower.se\/wetterlings\/wp-content\/uploads\/WetterlingsHog77-stor-1332594-1024x683.jpg\"},{\"@type\":\"BreadcrumbList\",\"@id\":\"https:\/\/wt.woolpower.se\/en\/#breadcrumb\",\"itemListElement\":[{\"@type\":\"ListItem\",\"position\":1,\"name\":\"Hem\",\"item\":\"https:\/\/wt.woolpower.se\/en\/\"},{\"@type\":\"ListItem\",\"position\":2,\"name\":\"Start\"}]},{\"@type\":\"WebSite\",\"@id\":\"https:\/\/wt.woolpower.se\/en\/#website\",\"url\":\"https:\/\/wt.woolpower.se\/en\/\",\"name\":\"Wetterlings\",\"description\":\"Axe Manufacture\",\"publisher\":{\"@id\":\"https:\/\/wt.woolpower.se\/en\/#organization\"},\"potentialAction\":[{\"@type\":\"SearchAction\",\"target\":{\"@type\":\"EntryPoint\",\"urlTemplate\":\"https:\/\/wt.woolpower.se\/en\/?s={search_term_string}\"},\"query-input\":{\"@type\":\"PropertyValueSpecification\",\"valueRequired\":true,\"valueName\":\"search_term_string\"}}],\"inLanguage\":\"en-US\"},{\"@type\":\"Organization\",\"@id\":\"https:\/\/wt.woolpower.se\/en\/#organization\",\"name\":\"Woolpower\",\"url\":\"https:\/\/wt.woolpower.se\/en\/\",\"logo\":{\"@type\":\"ImageObject\",\"inLanguage\":\"en-US\",\"@id\":\"https:\/\/wt.woolpower.se\/en\/#\/schema\/logo\/image\/\",\"url\":\"https:\/\/dev.woolpower.se\/wetterlings\/wp-content\/uploads\/Woolpower_logo-2705x546--e1636015780215.png\",\"contentUrl\":\"https:\/\/dev.woolpower.se\/wetterlings\/wp-content\/uploads\/Woolpower_logo-2705x546--e1636015780215.png\",\"width\":300,\"height\":61,\"caption\":\"Woolpower\"},\"image\":{\"@id\":\"https:\/\/wt.woolpower.se\/en\/#\/schema\/logo\/image\/\"}}]}<\/script>\n<!-- \/ Yoast SEO plugin. -->","yoast_head_json":{"title":"Svensktillverkande Woolpower g\u00f6r h\u00e5llbara kl\u00e4der i merinoull | Woolpower","robots":{"index":"noindex","follow":"follow","max-snippet":"max-snippet:-1","max-image-preview":"max-image-preview:large","max-video-preview":"max-video-preview:-1"},"og_locale":"en_US","og_type":"article","og_title":"Svensktillverkande Woolpower g\u00f6r h\u00e5llbara kl\u00e4der i merinoull | Woolpower","og_description":"About Wetterlings Wetterlings is an axe factory located in Storvik, G\u00e4strikland. The business has been operating in the same factory for over a hundred years. We are 14 employees who forge axes, manufacture tools, and fit handles. New, well-trained, and young blacksmiths ensure a generational shift, preserving and passing on inherited knowledge. Responsibly made in [...]Read More...","og_url":"https:\/\/wt.woolpower.se\/en\/","og_site_name":"Wetterlings","article_modified_time":"2024-11-18T09:47:17+00:00","og_image":[{"url":"https:\/\/dev.woolpower.se\/wetterlings\/wp-content\/uploads\/WetterlingsHog77-stor-1332594-1024x683.jpg","type":"","width":"","height":""}],"twitter_card":"summary_large_image","twitter_misc":{"Est. reading time":"2 minutes"},"schema":{"@context":"https:\/\/schema.org","@graph":[{"@type":"WebPage","@id":"https:\/\/wt.woolpower.se\/en\/","url":"https:\/\/wt.woolpower.se\/en\/","name":"Svensktillverkande Woolpower g\u00f6r h\u00e5llbara kl\u00e4der i merinoull | Woolpower","isPartOf":{"@id":"https:\/\/wt.woolpower.se\/en\/#website"},"primaryImageOfPage":{"@id":"https:\/\/wt.woolpower.se\/en\/#primaryimage"},"image":{"@id":"https:\/\/wt.woolpower.se\/en\/#primaryimage"},"thumbnailUrl":"https:\/\/dev.woolpower.se\/wetterlings\/wp-content\/uploads\/WetterlingsHog77-stor-1332594-1024x683.jpg","datePublished":"2019-10-23T13:47:46+00:00","dateModified":"2024-11-18T09:47:17+00:00","breadcrumb":{"@id":"https:\/\/wt.woolpower.se\/en\/#breadcrumb"},"inLanguage":"en-US","potentialAction":[{"@type":"ReadAction","target":["https:\/\/wt.woolpower.se\/en\/"]}]},{"@type":"ImageObject","inLanguage":"en-US","@id":"https:\/\/wt.woolpower.se\/en\/#primaryimage","url":"https:\/\/dev.woolpower.se\/wetterlings\/wp-content\/uploads\/WetterlingsHog77-stor-1332594-1024x683.jpg","contentUrl":"https:\/\/dev.woolpower.se\/wetterlings\/wp-content\/uploads\/WetterlingsHog77-stor-1332594-1024x683.jpg"},{"@type":"BreadcrumbList","@id":"https:\/\/wt.woolpower.se\/en\/#breadcrumb","itemListElement":[{"@type":"ListItem","position":1,"name":"Hem","item":"https:\/\/wt.woolpower.se\/en\/"},{"@type":"ListItem","position":2,"name":"Start"}]},{"@type":"WebSite","@id":"https:\/\/wt.woolpower.se\/en\/#website","url":"https:\/\/wt.woolpower.se\/en\/","name":"Wetterlings","description":"Axe Manufacture","publisher":{"@id":"https:\/\/wt.woolpower.se\/en\/#organization"},"potentialAction":[{"@type":"SearchAction","target":{"@type":"EntryPoint","urlTemplate":"https:\/\/wt.woolpower.se\/en\/?s={search_term_string}"},"query-input":{"@type":"PropertyValueSpecification","valueRequired":true,"valueName":"search_term_string"}}],"inLanguage":"en-US"},{"@type":"Organization","@id":"https:\/\/wt.woolpower.se\/en\/#organization","name":"Woolpower","url":"https:\/\/wt.woolpower.se\/en\/","logo":{"@type":"ImageObject","inLanguage":"en-US","@id":"https:\/\/wt.woolpower.se\/en\/#\/schema\/logo\/image\/","url":"https:\/\/dev.woolpower.se\/wetterlings\/wp-content\/uploads\/Woolpower_logo-2705x546--e1636015780215.png","contentUrl":"https:\/\/dev.woolpower.se\/wetterlings\/wp-content\/uploads\/Woolpower_logo-2705x546--e1636015780215.png","width":300,"height":61,"caption":"Woolpower"},"image":{"@id":"https:\/\/wt.woolpower.se\/en\/#\/schema\/logo\/image\/"}}]}},"_links":{"self":[{"href":"https:\/\/wt.woolpower.se\/en\/wp-json\/wp\/v2\/pages\/27235","targetHints":{"allow":["GET"]}}],"collection":[{"href":"https:\/\/wt.woolpower.se\/en\/wp-json\/wp\/v2\/pages"}],"about":[{"href":"https:\/\/wt.woolpower.se\/en\/wp-json\/wp\/v2\/types\/page"}],"author":[{"embeddable":true,"href":"https:\/\/wt.woolpower.se\/en\/wp-json\/wp\/v2\/users\/1"}],"replies":[{"embeddable":true,"href":"https:\/\/wt.woolpower.se\/en\/wp-json\/wp\/v2\/comments?post=27235"}],"version-history":[{"count":58,"href":"https:\/\/wt.woolpower.se\/en\/wp-json\/wp\/v2\/pages\/27235\/revisions"}],"predecessor-version":[{"id":66903,"href":"https:\/\/wt.woolpower.se\/en\/wp-json\/wp\/v2\/pages\/27235\/revisions\/66903"}],"wp:attachment":[{"href":"https:\/\/wt.woolpower.se\/en\/wp-json\/wp\/v2\/media?parent=27235"}],"curies":[{"name":"wp","href":"https:\/\/api.w.org\/{rel}","templated":true}]}}